{"id":77,"date":"2021-10-05T13:12:07","date_gmt":"2021-10-05T13:12:07","guid":{"rendered":"https:\/\/themepanthers.com\/wp\/creote\/v-new\/?page_id=77"},"modified":"2025-04-22T12:03:30","modified_gmt":"2025-04-22T12:03:30","slug":"contact","status":"publish","type":"page","link":"https:\/\/dwdemos-creative.biz\/aece\/contact\/","title":{"rendered":"Contact"},"content":{"rendered":"\t\t<div data-elementor-type=\"wp-page\" data-elementor-id=\"77\" class=\"elementor elementor-77\">\n\t\t\t\t\t\t<section class=\"elementor-section elementor-top-section elementor-element elementor-element-efe7969 elementor-section-boxed elementor-section-height-default elementor-section-height-default\" data-id=\"efe7969\" data-element_type=\"section\">\n\t\t\t\t\t\t<div class=\"elementor-container elementor-column-gap-default\">\n\t\t\t\t\t<div class=\"elementor-column elementor-col-100 elementor-top-column elementor-element elementor-element-dca790f\" data-id=\"dca790f\" data-element_type=\"column\">\n\t\t\t<div class=\"elementor-widget-wrap elementor-element-populated\">\n\t\t\t\t\t\t<div class=\"elementor-element elementor-element-02a931a elementor-widget elementor-widget-creote-title-v1\" data-id=\"02a931a\" data-element_type=\"widget\" data-widget_type=\"creote-title-v1.default\">\n\t\t\t\t<div class=\"elementor-widget-container\">\n\t\t\t\t\t<div class=\"title_all_box style_one dark_color\">\r\n            <!-- Default title style -->\r\n        <div class=\"title_sections left\">\r\n                                        <div class=\"title\">\r\n                    Saisissez l\u2019Opportunit\u00e9 de l\u2019Excellence Comptable avec AECE-ACCOUNTANCY !                <\/div>\r\n                                <\/div>\r\n        <!-- End of default title style -->\r\n\r\n    <\/div>\r\n\t\t\t\t<\/div>\n\t\t\t\t<\/div>\n\t\t\t\t<div class=\"elementor-element elementor-element-302e81d elementor-widget elementor-widget-text-editor\" data-id=\"302e81d\" data-element_type=\"widget\" data-widget_type=\"text-editor.default\">\n\t\t\t\t<div class=\"elementor-widget-container\">\n\t\t\t\t\t\t\t\t\t<p>Nous vous accueillons chaleureusement sur la page de contact d\u2019AECE-ACCOUNTANCY, le cabinet comptable et fiscal qui red\u00e9finit les normes d\u2019efficacit\u00e9 et d\u2019innovation. En optant pour notre cabinet enti\u00e8rement num\u00e9rique, vous faites bien plus que choisir une simple gestion comptable ; vous investissez dans une exp\u00e9rience exceptionnelle et des conseils strat\u00e9giques qui propulseront votre entreprise vers de nouveaux sommets.<\/p><p>Pour d\u00e9buter, veuillez remplir le formulaire ci-dessous. Laissez-nous vous d\u00e9voiler comment AECE-ACCOUNTANCY peut \u00eatre le moteur de votre r\u00e9ussite commerciale. Nous sommes pr\u00eats \u00e0 vous accompagner \u00e0 chaque \u00e9tape de votre croissance.<\/p>\t\t\t\t\t\t\t\t<\/div>\n\t\t\t\t<\/div>\n\t\t\t\t\t<\/div>\n\t\t<\/div>\n\t\t\t\t\t<\/div>\n\t\t<\/section>\n\t\t\t\t<section class=\"elementor-section elementor-top-section elementor-element elementor-element-7cb3dda elementor-section-boxed elementor-section-height-default elementor-section-height-default\" data-id=\"7cb3dda\" data-element_type=\"section\">\n\t\t\t\t\t\t<div class=\"elementor-container elementor-column-gap-default\">\n\t\t\t\t\t<div class=\"elementor-column elementor-col-50 elementor-top-column elementor-element elementor-element-04f0c19\" data-id=\"04f0c19\" data-element_type=\"column\">\n\t\t\t<div class=\"elementor-widget-wrap elementor-element-populated\">\n\t\t\t\t\t\t<div class=\"elementor-element elementor-element-e6c88b3 elementor-widget elementor-widget-creote-title-v1\" data-id=\"e6c88b3\" data-element_type=\"widget\" data-widget_type=\"creote-title-v1.default\">\n\t\t\t\t<div class=\"elementor-widget-container\">\n\t\t\t\t\t<div class=\"title_all_box style_one dark_color\">\r\n            <!-- Default title style -->\r\n        <div class=\"title_sections left\">\r\n                                        <div class=\"title\">\r\n                    Contact Info                <\/div>\r\n                                <\/div>\r\n        <!-- End of default title style -->\r\n\r\n    <\/div>\r\n\t\t\t\t<\/div>\n\t\t\t\t<\/div>\n\t\t\t\t<div class=\"elementor-element elementor-element-90be76e elementor-widget elementor-widget-creote-contact-box-v1\" data-id=\"90be76e\" data-element_type=\"widget\" data-widget_type=\"creote-contact-box-v1.default\">\n\t\t\t\t<div class=\"elementor-widget-container\">\n\t\t\t\t\t \r\n<div class=\"contact_box_content style_one\" \r\n     \r\n        data-aos=\"fade-up\" \r\n        data-aos-delay=\"0\" \r\n        data-aos-offset=\"0\" \r\n    >\r\n            <div class=\"contact_box_inner  icon_yes \">\r\n                            <div class=\"icon_bx\">\r\n                    <span class=\" icon-placeholder\"><\/span>\r\n                <\/div>\r\n                        <div class=\"contnet\">\r\n                                  <div class=\"contitle\">Address : <\/div>\r\n                                                    <p>Chau. de la Hulpe 185, 1170 Watermael-Boitsfort, Belgium\n<\/p>\r\n                            <\/div>\r\n        <\/div>\r\n    <\/div>\r\n\r\n\t\t\t\t<\/div>\n\t\t\t\t<\/div>\n\t\t\t\t<div class=\"elementor-element elementor-element-b1f99f8 elementor-widget elementor-widget-creote-contact-box-v1\" data-id=\"b1f99f8\" data-element_type=\"widget\" data-widget_type=\"creote-contact-box-v1.default\">\n\t\t\t\t<div class=\"elementor-widget-container\">\n\t\t\t\t\t \r\n<div class=\"contact_box_content style_one\" \r\n     \r\n        data-aos=\"fade-up\" \r\n        data-aos-delay=\"0\" \r\n        data-aos-offset=\"0\" \r\n    >\r\n            <div class=\"contact_box_inner  icon_yes \">\r\n                            <div class=\"icon_bx\">\r\n                    <span class=\" icon-phone-call\"><\/span>\r\n                <\/div>\r\n                        <div class=\"contnet\">\r\n                                  <div class=\"contitle\">Phone No : <\/div>\r\n                                                    <p>0484 54 04 02<\/p>\r\n                            <\/div>\r\n        <\/div>\r\n    <\/div>\r\n\r\n\t\t\t\t<\/div>\n\t\t\t\t<\/div>\n\t\t\t\t<div class=\"elementor-element elementor-element-8a7ea75 elementor-widget elementor-widget-creote-contact-box-v1\" data-id=\"8a7ea75\" data-element_type=\"widget\" data-widget_type=\"creote-contact-box-v1.default\">\n\t\t\t\t<div class=\"elementor-widget-container\">\n\t\t\t\t\t \r\n<div class=\"contact_box_content style_one\" \r\n     \r\n        data-aos=\"fade-up\" \r\n        data-aos-delay=\"0\" \r\n        data-aos-offset=\"0\" \r\n    >\r\n            <div class=\"contact_box_inner  icon_yes \">\r\n                            <div class=\"icon_bx\">\r\n                    <span class=\" icon-email\"><\/span>\r\n                <\/div>\r\n                        <div class=\"contnet\">\r\n                                  <div class=\"contitle\">Email Id<\/div>\r\n                                                    <p>info@aece-accountancy.be<\/p>\r\n                            <\/div>\r\n        <\/div>\r\n    <\/div>\r\n\r\n\t\t\t\t<\/div>\n\t\t\t\t<\/div>\n\t\t\t\t<div class=\"elementor-element elementor-element-2322383 elementor-widget elementor-widget-creote-social-media-v1\" data-id=\"2322383\" data-element_type=\"widget\" data-widget_type=\"creote-social-media-v1.default\">\n\t\t\t\t<div class=\"elementor-widget-container\">\n\t\t\t\t\t<div class=\"social_media_v_one\"> <ul>  <li > <a href=\"#\"  > <span class=\"fa fa-facebook\"><\/span> <small>facebook<\/small> <\/a> <\/li>  <li > <a href=\"#\"  > <span class=\"fa fa-twitter\"><\/span> <small>twitter<\/small> <\/a> <\/li>  <li > <a href=\"#\"  > <span class=\"fa fa-skype\"><\/span> <small>skype<\/small> <\/a> <\/li>  <li > <a href=\"#\"  > <span class=\"fa fa-instagram\"><\/span> <small>instagram<\/small> <\/a> <\/li>  <\/ul><\/div>\r\n\t\t\t\t<\/div>\n\t\t\t\t<\/div>\n\t\t\t\t\t<\/div>\n\t\t<\/div>\n\t\t\t\t<div class=\"elementor-column elementor-col-50 elementor-top-column elementor-element elementor-element-255b3f1\" data-id=\"255b3f1\" data-element_type=\"column\">\n\t\t\t<div class=\"elementor-widget-wrap elementor-element-populated\">\n\t\t\t\t\t\t<div class=\"elementor-element elementor-element-49c2193 elementor-widget elementor-widget-creote-contact-form-v1\" data-id=\"49c2193\" data-element_type=\"widget\" data-widget_type=\"creote-contact-form-v1.default\">\n\t\t\t\t<div class=\"elementor-widget-container\">\n\t\t\t\t\t<section class=\"contact_form_box_all type_two\"  data-aos=\"fade-up\" data-aos-offset=\"0\" data-aos-delay=\"0\" >  <div class=\"contact_form_box_inner\">  <div class=\"contact_form_shortcode\">  <div class=\"_form\">  \n<div class=\"wpcf7 no-js\" id=\"wpcf7-f15-o1\" lang=\"en-US\" dir=\"ltr\" data-wpcf7-id=\"15\">\n<div class=\"screen-reader-response\"><p role=\"status\" aria-live=\"polite\" aria-atomic=\"true\"><\/p> <ul><\/ul><\/div>\n<form action=\"\/aece\/wp-json\/wp\/v2\/pages\/77#wpcf7-f15-o1\" method=\"post\" class=\"wpcf7-form init\" aria-label=\"Contact form\" novalidate=\"novalidate\" data-status=\"init\">\n<div style=\"display: none;\">\n<input type=\"hidden\" name=\"_wpcf7\" value=\"15\" \/>\n<input type=\"hidden\" name=\"_wpcf7_version\" value=\"6.0.6\" \/>\n<input type=\"hidden\" name=\"_wpcf7_locale\" value=\"en_US\" \/>\n<input type=\"hidden\" name=\"_wpcf7_unit_tag\" value=\"wpcf7-f15-o1\" \/>\n<input type=\"hidden\" name=\"_wpcf7_container_post\" value=\"0\" \/>\n<input type=\"hidden\" name=\"_wpcf7_posted_data_hash\" value=\"\" \/>\n<\/div>\n<p><label> Entrez votre nom<br \/>\n<span class=\"wpcf7-form-control-wrap\" data-name=\"your-name\"><input size=\"40\" maxlength=\"400\" class=\"wpcf7-form-control wpcf7-text wpcf7-validates-as-required\" autocomplete=\"name\" aria-required=\"true\" aria-invalid=\"false\" value=\"\" type=\"text\" name=\"your-name\" \/><\/span> <\/label>\n<\/p>\n<p><label> Your email<br \/>\n<span class=\"wpcf7-form-control-wrap\" data-name=\"your-email\"><input size=\"40\" maxlength=\"400\" class=\"wpcf7-form-control wpcf7-email wpcf7-validates-as-required wpcf7-text wpcf7-validates-as-email\" autocomplete=\"email\" aria-required=\"true\" aria-invalid=\"false\" value=\"\" type=\"email\" name=\"your-email\" \/><\/span> <\/label>\n<\/p>\n<p><label> Entrez votre num\u00e9ro de t\u00e9l\u00e9phone<br \/>\n<span class=\"wpcf7-form-control-wrap\" data-name=\"text-480\"><input size=\"40\" maxlength=\"400\" class=\"wpcf7-form-control wpcf7-text wpcf7-validates-as-required\" aria-required=\"true\" aria-invalid=\"false\" value=\"\" type=\"text\" name=\"text-480\" \/><\/span><\/label>\n<\/p>\n<p><label> Ajoutez votre message<br \/>\n<span class=\"wpcf7-form-control-wrap\" data-name=\"your-message\"><textarea cols=\"40\" rows=\"10\" maxlength=\"2000\" class=\"wpcf7-form-control wpcf7-textarea\" aria-invalid=\"false\" name=\"your-message\"><\/textarea><\/span> <\/label>\n<\/p>\n<p><input class=\"wpcf7-form-control wpcf7-submit has-spinner\" type=\"submit\" value=\"ENVOYER\" \/>\n<\/p><div class=\"wpcf7-response-output\" aria-hidden=\"true\"><\/div>\n<\/form>\n<\/div>\n  <\/div> <\/div> <\/div> <\/section>\r\n\t\t\t\t<\/div>\n\t\t\t\t<\/div>\n\t\t\t\t\t<\/div>\n\t\t<\/div>\n\t\t\t\t\t<\/div>\n\t\t<\/section>\n\t\t\t\t<\/div>\n\t\t","protected":false},"excerpt":{"rendered":"<p>Saisissez l\u2019Opportunit\u00e9 de l\u2019Excellence Comptable avec AECE-ACCOUNTANCY ! Nous vous accueillons chaleureusement sur la page de contact d\u2019AECE-ACCOUNTANCY, le cabinet comptable et fiscal qui red\u00e9finit les normes d\u2019efficacit\u00e9 et d\u2019innovation. En optant pour notre cabinet enti\u00e8rement num\u00e9rique, vous faites bien plus que choisir une simple gestion comptable ; vous investissez dans une exp\u00e9rience exceptionnelle et [&hellip;]<\/p>\n","protected":false},"author":1,"featured_media":0,"parent":0,"menu_order":0,"comment_status":"closed","ping_status":"closed","template":"template-fullwidth.php","meta":{"content-type":"","footnotes":""},"class_list":["post-77","page","type-page","status-publish","hentry"],"_links":{"self":[{"href":"https:\/\/dwdemos-creative.biz\/aece\/wp-json\/wp\/v2\/pages\/77","targetHints":{"allow":["GET"]}}],"collection":[{"href":"https:\/\/dwdemos-creative.biz\/aece\/wp-json\/wp\/v2\/pages"}],"about":[{"href":"https:\/\/dwdemos-creative.biz\/aece\/wp-json\/wp\/v2\/types\/page"}],"author":[{"embeddable":true,"href":"https:\/\/dwdemos-creative.biz\/aece\/wp-json\/wp\/v2\/users\/1"}],"replies":[{"embeddable":true,"href":"https:\/\/dwdemos-creative.biz\/aece\/wp-json\/wp\/v2\/comments?post=77"}],"version-history":[{"count":39,"href":"https:\/\/dwdemos-creative.biz\/aece\/wp-json\/wp\/v2\/pages\/77\/revisions"}],"predecessor-version":[{"id":7618,"href":"https:\/\/dwdemos-creative.biz\/aece\/wp-json\/wp\/v2\/pages\/77\/revisions\/7618"}],"wp:attachment":[{"href":"https:\/\/dwdemos-creative.biz\/aece\/wp-json\/wp\/v2\/media?parent=77"}],"curies":[{"name":"wp","href":"https:\/\/api.w.org\/{rel}","templated":true}]}}