{"id":7161,"date":"2025-04-19T09:58:31","date_gmt":"2025-04-19T09:58:31","guid":{"rendered":"https:\/\/dw-demos.in.net\/aece\/?page_id=7161"},"modified":"2025-04-22T11:05:12","modified_gmt":"2025-04-22T11:05:12","slug":"fiscalite","status":"publish","type":"page","link":"https:\/\/dwdemos-creative.biz\/aece\/fiscalite\/","title":{"rendered":"Fiscalit\u00e9"},"content":{"rendered":"\t\t<div data-elementor-type=\"wp-page\" data-elementor-id=\"7161\" class=\"elementor elementor-7161\">\n\t\t\t\t\t\t<section class=\"elementor-section elementor-top-section elementor-element elementor-element-0a7202d elementor-section-boxed elementor-section-height-default elementor-section-height-default\" data-id=\"0a7202d\" data-element_type=\"section\">\n\t\t\t\t\t\t<div class=\"elementor-container elementor-column-gap-default\">\n\t\t\t\t\t<div class=\"elementor-column elementor-col-50 elementor-top-column elementor-element elementor-element-55138ff\" data-id=\"55138ff\" data-element_type=\"column\">\n\t\t\t<div class=\"elementor-widget-wrap elementor-element-populated\">\n\t\t\t\t\t\t<div class=\"elementor-element elementor-element-5d44b56 elementor-widget elementor-widget-creote-title-v1\" data-id=\"5d44b56\" data-element_type=\"widget\" data-widget_type=\"creote-title-v1.default\">\n\t\t\t\t<div class=\"elementor-widget-container\">\n\t\t\t\t\t<div class=\"title_all_box style_one dark_color\">\r\n            <!-- Default title style -->\r\n        <div class=\"title_sections left\">\r\n                                        <div class=\"title\">\r\n                    Fiscalit\u00e9                 <\/div>\r\n                                <\/div>\r\n        <!-- End of default title style -->\r\n\r\n    <\/div>\r\n\t\t\t\t<\/div>\n\t\t\t\t<\/div>\n\t\t\t\t<div class=\"elementor-element elementor-element-4be8f8b elementor-widget elementor-widget-text-editor\" data-id=\"4be8f8b\" data-element_type=\"widget\" data-widget_type=\"text-editor.default\">\n\t\t\t\t<div class=\"elementor-widget-container\">\n\t\t\t\t\t\t\t\t\t<p>Face \u00e0 la complexit\u00e9 grandissante de l\u2019environnement fiscal et juridique, notre cabinet se veut le partenaire privil\u00e9gi\u00e9 du d\u00e9veloppement de vos activit\u00e9s. AECE Accountancy vous offre comp\u00e9tence et disponibilit\u00e9, dans le respect des prescrits l\u00e9gaux et de la d\u00e9ontologie de notre profession.<\/p>\t\t\t\t\t\t\t\t<\/div>\n\t\t\t\t<\/div>\n\t\t\t\t<div class=\"elementor-element elementor-element-2b59937 elementor-widget elementor-widget-creote-title-v1\" data-id=\"2b59937\" data-element_type=\"widget\" data-widget_type=\"creote-title-v1.default\">\n\t\t\t\t<div class=\"elementor-widget-container\">\n\t\t\t\t\t<div class=\"title_all_box style_one dark_color\">\r\n            <!-- Default title style -->\r\n        <div class=\"title_sections left\">\r\n                                        <div class=\"title\">\r\n                    La d\u00e9claration d\u2019imp\u00f4ts                <\/div>\r\n                                <\/div>\r\n        <!-- End of default title style -->\r\n\r\n    <\/div>\r\n\t\t\t\t<\/div>\n\t\t\t\t<\/div>\n\t\t\t\t<div class=\"elementor-element elementor-element-723cc69 elementor-widget elementor-widget-text-editor\" data-id=\"723cc69\" data-element_type=\"widget\" data-widget_type=\"text-editor.default\">\n\t\t\t\t<div class=\"elementor-widget-container\">\n\t\t\t\t\t\t\t\t\t<p>Parce qu\u2019il n\u2019est pas toujours ais\u00e9 de compl\u00e9ter ce document sans faire d\u2019erreurs, n\u2019h\u00e9sitez pas \u00e0 vous reposer sur votre expert. Que vous soyez particulier ou professionnel, il se tient \u00e0 votre disposition pour pallier, dans le respect de la l\u00e9galit\u00e9 et du choix de la voie la moins impos\u00e9e<\/p>\t\t\t\t\t\t\t\t<\/div>\n\t\t\t\t<\/div>\n\t\t\t\t\t<\/div>\n\t\t<\/div>\n\t\t\t\t<div class=\"elementor-column elementor-col-50 elementor-top-column elementor-element elementor-element-bfd1edc\" data-id=\"bfd1edc\" data-element_type=\"column\">\n\t\t\t<div class=\"elementor-widget-wrap elementor-element-populated\">\n\t\t\t\t\t\t<div class=\"elementor-element elementor-element-a9fb537 elementor-widget elementor-widget-creote-image-box-v1\" data-id=\"a9fb537\" data-element_type=\"widget\" data-widget_type=\"creote-image-box-v1.default\">\n\t\t\t\t<div class=\"elementor-widget-container\">\n\t\t\t\t\t <div class=\"image_boxes style_seven\" >  <div class=\"image_box\"> <img decoding=\"async\" src=\"https:\/\/dw-demos.in.net\/aece\/wp-content\/uploads\/2025\/04\/002.jpg\" class=\"img-fluid\" alt=\"image\">   <\/div>   <div class=\"pattern_imag\"> <img decoding=\"async\" src=\"https:\/\/dwdemos-creative.biz\/aece\/wp-content\/plugins\/creote-addons\/\/assets\/images\/pattern-n1.png\" alt=\"img\"\/> <\/div>  <\/div> \r\n\t\t\t\t<\/div>\n\t\t\t\t<\/div>\n\t\t\t\t\t<\/div>\n\t\t<\/div>\n\t\t\t\t\t<\/div>\n\t\t<\/section>\n\t\t\t\t<section class=\"elementor-section elementor-top-section elementor-element elementor-element-562b721 elementor-section-boxed elementor-section-height-default elementor-section-height-default\" data-id=\"562b721\" data-element_type=\"section\" data-settings=\"{&quot;background_background&quot;:&quot;classic&quot;}\">\n\t\t\t\t\t\t<div class=\"elementor-container elementor-column-gap-default\">\n\t\t\t\t\t<div class=\"elementor-column elementor-col-50 elementor-top-column elementor-element elementor-element-543441e\" data-id=\"543441e\" data-element_type=\"column\">\n\t\t\t<div class=\"elementor-widget-wrap elementor-element-populated\">\n\t\t\t\t\t\t<div class=\"elementor-element elementor-element-124329f elementor-widget elementor-widget-creote-simple-image-box-v1\" data-id=\"124329f\" data-element_type=\"widget\" data-widget_type=\"creote-simple-image-box-v1.default\">\n\t\t\t\t<div class=\"elementor-widget-container\">\n\t\t\t\t\t<div class=\"simple_image_boxes  parallax_cover\"   data-aos=\"fade-up\" data-aos-delay=\"0\"  data-aos-offset=\"0\" >\r\n   <img decoding=\"async\" src=\"https:\/\/dw-demos.in.net\/aece\/wp-content\/uploads\/2025\/04\/012-1-1024x682-1.jpg\" class=\"simp_img cover-parallax\" alt=\"\" \/>\r\n<\/div>\r\n\t\t\t\t<\/div>\n\t\t\t\t<\/div>\n\t\t\t\t\t<\/div>\n\t\t<\/div>\n\t\t\t\t<div class=\"elementor-column elementor-col-50 elementor-top-column elementor-element elementor-element-4481ad5\" data-id=\"4481ad5\" data-element_type=\"column\">\n\t\t\t<div class=\"elementor-widget-wrap elementor-element-populated\">\n\t\t\t\t\t\t<div class=\"elementor-element elementor-element-2e366a2 elementor-widget elementor-widget-creote-title-v1\" data-id=\"2e366a2\" data-element_type=\"widget\" data-widget_type=\"creote-title-v1.default\">\n\t\t\t\t<div class=\"elementor-widget-container\">\n\t\t\t\t\t<div class=\"title_all_box style_one dark_color\">\r\n            <!-- Default title style -->\r\n        <div class=\"title_sections left\">\r\n                                        <div class=\"title\">\r\n                    Le contr\u00f4le fiscal                <\/div>\r\n                                <\/div>\r\n        <!-- End of default title style -->\r\n\r\n    <\/div>\r\n\t\t\t\t<\/div>\n\t\t\t\t<\/div>\n\t\t\t\t<div class=\"elementor-element elementor-element-4cf0aaf elementor-widget elementor-widget-text-editor\" data-id=\"4cf0aaf\" data-element_type=\"widget\" data-widget_type=\"text-editor.default\">\n\t\t\t\t<div class=\"elementor-widget-container\">\n\t\t\t\t\t\t\t\t\t<p>Si elle le juge utile, l\u2019administration peut proc\u00e9der \u00e0 une v\u00e9rification directement dans vos locaux. En ces circonstances, votre conseiller fiscal vous pr\u00eate main-forte en vue de r\u00e9pondre aux interrogations de l\u2019administration et de fournir les documents n\u00e9cessaires.<\/p><p>Lorsqu\u2019un doute est soulev\u00e9, votre expert-comptable et fiscaliste est en mesure d\u2019interpr\u00e9ter les pi\u00e8ces pr\u00e9sent\u00e9es et d\u2019assurer votre d\u00e9fense au moyen d\u2019arguments percutants, en s\u2019appuyant notamment sur la jurisprudence.<\/p>\t\t\t\t\t\t\t\t<\/div>\n\t\t\t\t<\/div>\n\t\t\t\t\t<\/div>\n\t\t<\/div>\n\t\t\t\t\t<\/div>\n\t\t<\/section>\n\t\t\t\t<section class=\"elementor-section elementor-top-section elementor-element elementor-element-df07025 elementor-section-boxed elementor-section-height-default elementor-section-height-default\" data-id=\"df07025\" data-element_type=\"section\">\n\t\t\t\t\t\t<div class=\"elementor-container elementor-column-gap-default\">\n\t\t\t\t\t<div class=\"elementor-column elementor-col-50 elementor-top-column elementor-element elementor-element-b9b182c\" data-id=\"b9b182c\" data-element_type=\"column\">\n\t\t\t<div class=\"elementor-widget-wrap elementor-element-populated\">\n\t\t\t\t\t\t<div class=\"elementor-element elementor-element-263f888 elementor-widget elementor-widget-creote-title-v1\" data-id=\"263f888\" data-element_type=\"widget\" data-widget_type=\"creote-title-v1.default\">\n\t\t\t\t<div class=\"elementor-widget-container\">\n\t\t\t\t\t<div class=\"title_all_box style_one dark_color\">\r\n            <!-- Default title style -->\r\n        <div class=\"title_sections left\">\r\n                                        <div class=\"title\">\r\n                    Opter pour la meilleure strat\u00e9gie                <\/div>\r\n                                <\/div>\r\n        <!-- End of default title style -->\r\n\r\n    <\/div>\r\n\t\t\t\t<\/div>\n\t\t\t\t<\/div>\n\t\t\t\t<div class=\"elementor-element elementor-element-47dbfdb elementor-widget elementor-widget-text-editor\" data-id=\"47dbfdb\" data-element_type=\"widget\" data-widget_type=\"text-editor.default\">\n\t\t\t\t<div class=\"elementor-widget-container\">\n\t\t\t\t\t\t\t\t\t<p>Afin d\u2019optimiser vos activit\u00e9s, il est indispensable de parvenir \u00e0 un certain \u00e9quilibre sur le plan fiscal. Cela comprend par ailleurs la prise en compte de l\u2019impact de la l\u00e9gislation en vigueur sur la vie de votre structure.<\/p><p>Comptez alors sur votre sp\u00e9cialiste en conseil fiscal pour \u00e9mettre une r\u00e9flexion pertinente et \u00e9tablir une strat\u00e9gie en ad\u00e9quation avec vos objectifs.<\/p>\t\t\t\t\t\t\t\t<\/div>\n\t\t\t\t<\/div>\n\t\t\t\t\t<\/div>\n\t\t<\/div>\n\t\t\t\t<div class=\"elementor-column elementor-col-50 elementor-top-column elementor-element elementor-element-b6dfcda\" data-id=\"b6dfcda\" data-element_type=\"column\">\n\t\t\t<div class=\"elementor-widget-wrap elementor-element-populated\">\n\t\t\t\t\t\t<div class=\"elementor-element elementor-element-7b826d1 elementor-widget elementor-widget-creote-image-box-v1\" data-id=\"7b826d1\" data-element_type=\"widget\" data-widget_type=\"creote-image-box-v1.default\">\n\t\t\t\t<div class=\"elementor-widget-container\">\n\t\t\t\t\t <div class=\"image_boxes style_seven\" >  <div class=\"image_box\"> <img decoding=\"async\" src=\"https:\/\/dw-demos.in.net\/aece\/wp-content\/uploads\/2025\/04\/pexels-photo-4476375-456x268-2.webp\" class=\"img-fluid\" alt=\"image\">   <\/div>   <div class=\"pattern_imag\"> <img decoding=\"async\" src=\"https:\/\/dwdemos-creative.biz\/aece\/wp-content\/plugins\/creote-addons\/\/assets\/images\/pattern-n1.png\" alt=\"img\"\/> <\/div>  <\/div> \r\n\t\t\t\t<\/div>\n\t\t\t\t<\/div>\n\t\t\t\t\t<\/div>\n\t\t<\/div>\n\t\t\t\t\t<\/div>\n\t\t<\/section>\n\t\t\t\t<\/div>\n\t\t","protected":false},"excerpt":{"rendered":"<p>Fiscalit\u00e9 Face \u00e0 la complexit\u00e9 grandissante de l\u2019environnement fiscal et juridique, notre cabinet se veut le partenaire privil\u00e9gi\u00e9 du d\u00e9veloppement de vos activit\u00e9s. AECE Accountancy vous offre comp\u00e9tence et disponibilit\u00e9, dans le respect des prescrits l\u00e9gaux et de la d\u00e9ontologie de notre profession. La d\u00e9claration d\u2019imp\u00f4ts Parce qu\u2019il n\u2019est pas toujours ais\u00e9 de compl\u00e9ter ce [&hellip;]<\/p>\n","protected":false},"author":1,"featured_media":0,"parent":0,"menu_order":0,"comment_status":"closed","ping_status":"closed","template":"template-fullwidth.php","meta":{"content-type":"","footnotes":""},"class_list":["post-7161","page","type-page","status-publish","hentry"],"_links":{"self":[{"href":"https:\/\/dwdemos-creative.biz\/aece\/wp-json\/wp\/v2\/pages\/7161","targetHints":{"allow":["GET"]}}],"collection":[{"href":"https:\/\/dwdemos-creative.biz\/aece\/wp-json\/wp\/v2\/pages"}],"about":[{"href":"https:\/\/dwdemos-creative.biz\/aece\/wp-json\/wp\/v2\/types\/page"}],"author":[{"embeddable":true,"href":"https:\/\/dwdemos-creative.biz\/aece\/wp-json\/wp\/v2\/users\/1"}],"replies":[{"embeddable":true,"href":"https:\/\/dwdemos-creative.biz\/aece\/wp-json\/wp\/v2\/comments?post=7161"}],"version-history":[{"count":16,"href":"https:\/\/dwdemos-creative.biz\/aece\/wp-json\/wp\/v2\/pages\/7161\/revisions"}],"predecessor-version":[{"id":7512,"href":"https:\/\/dwdemos-creative.biz\/aece\/wp-json\/wp\/v2\/pages\/7161\/revisions\/7512"}],"wp:attachment":[{"href":"https:\/\/dwdemos-creative.biz\/aece\/wp-json\/wp\/v2\/media?parent=7161"}],"curies":[{"name":"wp","href":"https:\/\/api.w.org\/{rel}","templated":true}]}}