{"id":7113,"date":"2025-04-19T09:24:54","date_gmt":"2025-04-19T09:24:54","guid":{"rendered":"https:\/\/dw-demos.in.net\/aece\/?page_id=7113"},"modified":"2025-04-22T10:48:35","modified_gmt":"2025-04-22T10:48:35","slug":"bureau-comptable-et-fiscal-a-bruxelles","status":"publish","type":"page","link":"https:\/\/dwdemos-creative.biz\/aece\/bureau-comptable-et-fiscal-a-bruxelles\/","title":{"rendered":"Bureau comptable et fiscal \u00e0 Bruxelles"},"content":{"rendered":"\t\t<div data-elementor-type=\"wp-page\" data-elementor-id=\"7113\" class=\"elementor elementor-7113\">\n\t\t\t\t\t\t<section class=\"elementor-section elementor-top-section elementor-element elementor-element-0a7202d elementor-section-boxed elementor-section-height-default elementor-section-height-default\" data-id=\"0a7202d\" data-element_type=\"section\">\n\t\t\t\t\t\t<div class=\"elementor-container elementor-column-gap-default\">\n\t\t\t\t\t<div class=\"elementor-column elementor-col-50 elementor-top-column elementor-element elementor-element-55138ff\" data-id=\"55138ff\" data-element_type=\"column\">\n\t\t\t<div class=\"elementor-widget-wrap elementor-element-populated\">\n\t\t\t\t\t\t<div class=\"elementor-element elementor-element-5d44b56 elementor-widget elementor-widget-creote-title-v1\" data-id=\"5d44b56\" data-element_type=\"widget\" data-widget_type=\"creote-title-v1.default\">\n\t\t\t\t<div class=\"elementor-widget-container\">\n\t\t\t\t\t<div class=\"title_all_box style_one dark_color\">\r\n            <!-- Default title style -->\r\n        <div class=\"title_sections left\">\r\n                                        <div class=\"title\">\r\n                    Bureau comptable et fiscal \u00e0 Bruxelles                <\/div>\r\n                                <\/div>\r\n        <!-- End of default title style -->\r\n\r\n    <\/div>\r\n\t\t\t\t<\/div>\n\t\t\t\t<\/div>\n\t\t\t\t<div class=\"elementor-element elementor-element-4be8f8b elementor-widget elementor-widget-text-editor\" data-id=\"4be8f8b\" data-element_type=\"widget\" data-widget_type=\"text-editor.default\">\n\t\t\t\t<div class=\"elementor-widget-container\">\n\t\t\t\t\t\t\t\t\t<p>Notre cabinet \u00e0 taille humaine privil\u00e9gie une approche individualis\u00e9e et cr\u00e9ative, adapt\u00e9e \u00e0 vos besoins r\u00e9els et \u00e0 votre situation personnelle. Notre volont\u00e9 est de devenir pour vous un v\u00e9ritable conseiller, qui gr\u00e2ce \u00e0 la bonne compr\u00e9hension de ce qui vous diff\u00e9rencie \u2013 vous accompagne \u00e0 chaque projet.<\/p><p>Nous sommes l\u2019interlocuteur privil\u00e9gi\u00e9 pour \u00eatre \u00e0 vos c\u00f4t\u00e9s et ainsi apporter les r\u00e9ponses les plus ad\u00e9quates \u00e0 toutes les questions de gestion comptable, fiscale et manag\u00e9riale au sens large.<\/p>\t\t\t\t\t\t\t\t<\/div>\n\t\t\t\t<\/div>\n\t\t\t\t\t<\/div>\n\t\t<\/div>\n\t\t\t\t<div class=\"elementor-column elementor-col-50 elementor-top-column elementor-element elementor-element-bfd1edc\" data-id=\"bfd1edc\" data-element_type=\"column\">\n\t\t\t<div class=\"elementor-widget-wrap elementor-element-populated\">\n\t\t\t\t\t\t<div class=\"elementor-element elementor-element-a9fb537 elementor-widget elementor-widget-creote-image-box-v1\" data-id=\"a9fb537\" data-element_type=\"widget\" data-widget_type=\"creote-image-box-v1.default\">\n\t\t\t\t<div class=\"elementor-widget-container\">\n\t\t\t\t\t <div class=\"image_boxes style_seven\" >  <div class=\"image_box\"> <img decoding=\"async\" src=\"https:\/\/dw-demos.in.net\/aece\/wp-content\/uploads\/2025\/04\/pexels-photo-7654579-1024x683-1.jpeg\" class=\"img-fluid\" alt=\"image\">   <\/div>   <div class=\"pattern_imag\"> <img decoding=\"async\" src=\"https:\/\/dwdemos-creative.biz\/aece\/wp-content\/plugins\/creote-addons\/\/assets\/images\/pattern-n1.png\" alt=\"img\"\/> <\/div>  <\/div> \r\n\t\t\t\t<\/div>\n\t\t\t\t<\/div>\n\t\t\t\t\t<\/div>\n\t\t<\/div>\n\t\t\t\t\t<\/div>\n\t\t<\/section>\n\t\t\t\t<section class=\"elementor-section elementor-top-section elementor-element elementor-element-562b721 elementor-section-boxed elementor-section-height-default elementor-section-height-default\" data-id=\"562b721\" data-element_type=\"section\" data-settings=\"{&quot;background_background&quot;:&quot;classic&quot;}\">\n\t\t\t\t\t\t<div class=\"elementor-container elementor-column-gap-default\">\n\t\t\t\t\t<div class=\"elementor-column elementor-col-50 elementor-top-column elementor-element elementor-element-543441e\" data-id=\"543441e\" data-element_type=\"column\">\n\t\t\t<div class=\"elementor-widget-wrap elementor-element-populated\">\n\t\t\t\t\t\t<div class=\"elementor-element elementor-element-124329f elementor-widget elementor-widget-creote-simple-image-box-v1\" data-id=\"124329f\" data-element_type=\"widget\" data-widget_type=\"creote-simple-image-box-v1.default\">\n\t\t\t\t<div class=\"elementor-widget-container\">\n\t\t\t\t\t<div class=\"simple_image_boxes  parallax_cover\"   data-aos=\"fade-up\" data-aos-delay=\"0\"  data-aos-offset=\"0\" >\r\n   <img decoding=\"async\" src=\"https:\/\/dw-demos.in.net\/aece\/wp-content\/uploads\/2025\/04\/012-1-1024x682-1.jpg\" class=\"simp_img cover-parallax\" alt=\"\" \/>\r\n<\/div>\r\n\t\t\t\t<\/div>\n\t\t\t\t<\/div>\n\t\t\t\t\t<\/div>\n\t\t<\/div>\n\t\t\t\t<div class=\"elementor-column elementor-col-50 elementor-top-column elementor-element elementor-element-4481ad5\" data-id=\"4481ad5\" data-element_type=\"column\">\n\t\t\t<div class=\"elementor-widget-wrap elementor-element-populated\">\n\t\t\t\t\t\t<div class=\"elementor-element elementor-element-2e366a2 elementor-widget elementor-widget-creote-title-v1\" data-id=\"2e366a2\" data-element_type=\"widget\" data-widget_type=\"creote-title-v1.default\">\n\t\t\t\t<div class=\"elementor-widget-container\">\n\t\t\t\t\t<div class=\"title_all_box style_one dark_color\">\r\n            <!-- Default title style -->\r\n        <div class=\"title_sections left\">\r\n                                        <div class=\"title\">\r\n                    Votre expert-comptable sur tous les fronts                <\/div>\r\n                                <\/div>\r\n        <!-- End of default title style -->\r\n\r\n    <\/div>\r\n\t\t\t\t<\/div>\n\t\t\t\t<\/div>\n\t\t\t\t<div class=\"elementor-element elementor-element-4cf0aaf elementor-widget elementor-widget-text-editor\" data-id=\"4cf0aaf\" data-element_type=\"widget\" data-widget_type=\"text-editor.default\">\n\t\t\t\t<div class=\"elementor-widget-container\">\n\t\t\t\t\t\t\t\t\t<p>Obligation l\u00e9gale, la comptabilit\u00e9 se trouve au c\u0153ur de vos activit\u00e9s. C\u2019est pourquoi AECE Accountancy vous assure une totale prise en charge des t\u00e2ches qui vous incombent dans ce domaine (tenue de tous les documents, gestion des op\u00e9rations de cl\u00f4ture, r\u00e9daction des comptes annuels\u2026).<\/p><p>Par ailleurs, le cabinet joue le r\u00f4le de conseiller aupr\u00e8s des chefs d\u2019entreprise qui en formulent la demande.<\/p><p>Dans ce cadre, il sera en mesure de vous assister dans l\u2019instauration d\u2019une organisation interne ad\u00e9quate, de logiciels comptables, de contr\u00f4les internes, etc.<\/p>\t\t\t\t\t\t\t\t<\/div>\n\t\t\t\t<\/div>\n\t\t\t\t\t<\/div>\n\t\t<\/div>\n\t\t\t\t\t<\/div>\n\t\t<\/section>\n\t\t\t\t<section class=\"elementor-section elementor-top-section elementor-element elementor-element-df07025 elementor-section-boxed elementor-section-height-default elementor-section-height-default\" data-id=\"df07025\" data-element_type=\"section\">\n\t\t\t\t\t\t<div class=\"elementor-container elementor-column-gap-default\">\n\t\t\t\t\t<div class=\"elementor-column elementor-col-50 elementor-top-column elementor-element elementor-element-b9b182c\" data-id=\"b9b182c\" data-element_type=\"column\">\n\t\t\t<div class=\"elementor-widget-wrap elementor-element-populated\">\n\t\t\t\t\t\t<div class=\"elementor-element elementor-element-263f888 elementor-widget elementor-widget-creote-title-v1\" data-id=\"263f888\" data-element_type=\"widget\" data-widget_type=\"creote-title-v1.default\">\n\t\t\t\t<div class=\"elementor-widget-container\">\n\t\t\t\t\t<div class=\"title_all_box style_one dark_color\">\r\n            <!-- Default title style -->\r\n        <div class=\"title_sections left\">\r\n                                        <div class=\"title\">\r\n                    Vous accompagner en toute s\u00e9curit\u00e9:                <\/div>\r\n                                <\/div>\r\n        <!-- End of default title style -->\r\n\r\n    <\/div>\r\n\t\t\t\t<\/div>\n\t\t\t\t<\/div>\n\t\t\t\t<div class=\"elementor-element elementor-element-47dbfdb elementor-widget elementor-widget-text-editor\" data-id=\"47dbfdb\" data-element_type=\"widget\" data-widget_type=\"text-editor.default\">\n\t\t\t\t<div class=\"elementor-widget-container\">\n\t\t\t\t\t\t\t\t\t<p>Vous lancez votre activit\u00e9 ? Alors, la comptabilit\u00e9 doit \u00eatre l\u2019une de vos priorit\u00e9s. En effet, la cr\u00e9ation d\u2019une entreprise est synonyme d\u2019obligations et comptables et fiscales. Rassurez-vous, toutefois : de v\u00e9ritables experts vous \u00e9pauleront dans la r\u00e9alisation de votre projet de fa\u00e7on \u00e0 lui offrir toutes les chances de succ\u00e8s. Votre structure \u00e9volue ?<\/p><p>Fusion, scission ou encore liquidation : bien des actions sont possibles. Mais quelle que soit la nature des changements \u00e0 venir, votre fiscaliste, vous apporte une aide de tous les instants. Toujours \u00e0 votre \u00e9coute, il saura vous informer des risques inh\u00e9rents \u00e0 ce genre d\u2019op\u00e9ration et vous guider dans les d\u00e9marches correspondantes.<\/p>\t\t\t\t\t\t\t\t<\/div>\n\t\t\t\t<\/div>\n\t\t\t\t\t<\/div>\n\t\t<\/div>\n\t\t\t\t<div class=\"elementor-column elementor-col-50 elementor-top-column elementor-element elementor-element-b6dfcda\" data-id=\"b6dfcda\" data-element_type=\"column\">\n\t\t\t<div class=\"elementor-widget-wrap elementor-element-populated\">\n\t\t\t\t\t\t<div class=\"elementor-element elementor-element-7b826d1 elementor-widget elementor-widget-creote-image-box-v1\" data-id=\"7b826d1\" data-element_type=\"widget\" data-widget_type=\"creote-image-box-v1.default\">\n\t\t\t\t<div class=\"elementor-widget-container\">\n\t\t\t\t\t <div class=\"image_boxes style_seven\" >  <div class=\"image_box\"> <img decoding=\"async\" src=\"https:\/\/dw-demos.in.net\/aece\/wp-content\/uploads\/2025\/04\/014.jpg\" class=\"img-fluid\" alt=\"image\">   <\/div>   <div class=\"pattern_imag\"> <img decoding=\"async\" src=\"https:\/\/dwdemos-creative.biz\/aece\/wp-content\/plugins\/creote-addons\/\/assets\/images\/pattern-n1.png\" alt=\"img\"\/> <\/div>  <\/div> \r\n\t\t\t\t<\/div>\n\t\t\t\t<\/div>\n\t\t\t\t\t<\/div>\n\t\t<\/div>\n\t\t\t\t\t<\/div>\n\t\t<\/section>\n\t\t\t\t<\/div>\n\t\t","protected":false},"excerpt":{"rendered":"<p>Bureau comptable et fiscal \u00e0 Bruxelles Notre cabinet \u00e0 taille humaine privil\u00e9gie une approche individualis\u00e9e et cr\u00e9ative, adapt\u00e9e \u00e0 vos besoins r\u00e9els et \u00e0 votre situation personnelle. Notre volont\u00e9 est de devenir pour vous un v\u00e9ritable conseiller, qui gr\u00e2ce \u00e0 la bonne compr\u00e9hension de ce qui vous diff\u00e9rencie \u2013 vous accompagne \u00e0 chaque projet. Nous [&hellip;]<\/p>\n","protected":false},"author":1,"featured_media":0,"parent":0,"menu_order":0,"comment_status":"closed","ping_status":"closed","template":"template-fullwidth.php","meta":{"content-type":"","footnotes":""},"class_list":["post-7113","page","type-page","status-publish","hentry"],"_links":{"self":[{"href":"https:\/\/dwdemos-creative.biz\/aece\/wp-json\/wp\/v2\/pages\/7113","targetHints":{"allow":["GET"]}}],"collection":[{"href":"https:\/\/dwdemos-creative.biz\/aece\/wp-json\/wp\/v2\/pages"}],"about":[{"href":"https:\/\/dwdemos-creative.biz\/aece\/wp-json\/wp\/v2\/types\/page"}],"author":[{"embeddable":true,"href":"https:\/\/dwdemos-creative.biz\/aece\/wp-json\/wp\/v2\/users\/1"}],"replies":[{"embeddable":true,"href":"https:\/\/dwdemos-creative.biz\/aece\/wp-json\/wp\/v2\/comments?post=7113"}],"version-history":[{"count":31,"href":"https:\/\/dwdemos-creative.biz\/aece\/wp-json\/wp\/v2\/pages\/7113\/revisions"}],"predecessor-version":[{"id":7485,"href":"https:\/\/dwdemos-creative.biz\/aece\/wp-json\/wp\/v2\/pages\/7113\/revisions\/7485"}],"wp:attachment":[{"href":"https:\/\/dwdemos-creative.biz\/aece\/wp-json\/wp\/v2\/media?parent=7113"}],"curies":[{"name":"wp","href":"https:\/\/api.w.org\/{rel}","templated":true}]}}