{"id":7102,"date":"2025-04-19T08:03:18","date_gmt":"2025-04-19T08:03:18","guid":{"rendered":"https:\/\/dw-demos.in.net\/aece\/?page_id=7102"},"modified":"2025-04-22T11:12:49","modified_gmt":"2025-04-22T11:12:49","slug":"tarifs","status":"publish","type":"page","link":"https:\/\/dwdemos-creative.biz\/aece\/tarifs\/","title":{"rendered":"Tarifs"},"content":{"rendered":"\t\t<div data-elementor-type=\"wp-page\" data-elementor-id=\"7102\" class=\"elementor elementor-7102\">\n\t\t\t\t\t\t<section class=\"elementor-section elementor-top-section elementor-element elementor-element-c6bf487 elementor-section-boxed elementor-section-height-default elementor-section-height-default\" data-id=\"c6bf487\" data-element_type=\"section\">\n\t\t\t\t\t\t<div class=\"elementor-container elementor-column-gap-default\">\n\t\t\t\t\t<div class=\"elementor-column elementor-col-100 elementor-top-column elementor-element elementor-element-b0324ba\" data-id=\"b0324ba\" data-element_type=\"column\">\n\t\t\t<div class=\"elementor-widget-wrap elementor-element-populated\">\n\t\t\t\t\t\t<div class=\"elementor-element elementor-element-16af0ac elementor-widget elementor-widget-creote-title-v1\" data-id=\"16af0ac\" data-element_type=\"widget\" data-widget_type=\"creote-title-v1.default\">\n\t\t\t\t<div class=\"elementor-widget-container\">\n\t\t\t\t\t<div class=\"title_all_box style_one dark_color\">\r\n            <!-- Default title style -->\r\n        <div class=\"title_sections left\">\r\n                                        <div class=\"title\">\r\n                    Les honoraires de votre bureau comptable et fiscal \u00e0 Bruxelles                <\/div>\r\n                                        <p>Afin de vous proposer des prestations adapt\u00e9es, notre cabinet d\u2019expertise comptable et de conseil fiscal s\u2019engage \u00e0 d\u00e9terminer ses honoraires sur la base d\u2019un forfait mensuel. Le montant de ces honoraires d\u00e9pendra de la nature et de l\u2019ampleur des t\u00e2ches qui nous seront confi\u00e9es. Vous recevrez toutes ces informations de mani\u00e8re d\u00e9taill\u00e9e dans une lettre de mission r\u00e9capitulative.\n\n\nSi cela vous int\u00e9resse, n\u2019h\u00e9sitez pas \u00e0 demander d\u00e8s maintenant un devis gratuit et personnalis\u00e9 !<\/p>\r\n                    <\/div>\r\n        <!-- End of default title style -->\r\n\r\n    <\/div>\r\n\t\t\t\t<\/div>\n\t\t\t\t<\/div>\n\t\t\t\t<div class=\"elementor-element elementor-element-e4305a8 elementor-widget elementor-widget-creote-price-plan-tab-v1\" data-id=\"e4305a8\" data-element_type=\"widget\" data-widget_type=\"creote-price-plan-tab-v1.default\">\n\t\t\t\t<div class=\"elementor-widget-container\">\n\t\t\t\t\t<section class=\"price_plan_with_tab price_tb_style_two\"> <div class=\"row\"> <div class=\"col-lg-12 ml-auto\"> <div class=\"tab_pricing_list\"> <ul class=\"nav nav-tabs\" id=\"myTab\" role=\"tablist\">   <\/ul> <\/div> <\/div> <\/div> <div class=\"tab-content price_tab_content\" id=\"myTabContent\"> <div class=\"tab-pane fade show active\" id=\"home\" role=\"tabpanel\" aria-labelledby=\"home-tab\"> <div class=\"row\">    <div class=\"col-lg-4 col-md-6 col-sm-6 col-xs-12\"> <div class=\"price_plan_box style_two  tag_enables \">  <div class=\"tag\">\u00c0 partir de<\/div>  <div class=\"inner_box\"> <div class=\"top\">  <h2>COMPTABILIT\u00c9 SOCI\u00c9T\u00c9S<\/h2>   <p>En savoir plus<\/p>  <\/div> <div class=\"mid\">  <h4>249\u20ac HTVA\/mois<\/h4>  <\/div> <div class=\"bottom\">  <ul>    <li> <span> Conseiller expert-comptable et fiscal d\u00e9di\u00e9<\/span> <i class=\"fa fa-check\"><\/i> <\/li>  <li> <span> Logiciel FID-Manager<\/span> <i class=\"fa fa-check\"><\/i> <\/li>  <li> <span> Encodage comptable<\/span> <i class=\"fa fa-check\"><\/i> <\/li>  <li> <span> D\u00e9clarations TVA<\/span> <i class=\"fa fa-check\"><\/i> <\/li>  <li> <span> Comptes annuels<\/span> <i class=\"fa fa-check\"><\/i> <\/li>  <li> <span> Imp\u00f4ts soci\u00e9t\u00e9s<\/span> <i class=\"fa fa-check\"><\/i> <\/li>  <li> <span> D\u00e9p\u00f4t BNB<\/span> <i class=\"fa fa-check\"><\/i> <\/li>  <li> <span> Conseil fiscal sur mesure<\/span> <i class=\"fa fa-check\"><\/i> <\/li>    <\/ul>    <a href=\"https:\/\/dw-demos.in.net\/aece\/contact\/\"  target=&quot;_blank&quot;  rel=&quot;nofollow&quot; class=\"theme-btn two\"> Read More <\/a>  <\/div> <\/div> <\/div> <\/div>  <div class=\"col-lg-4 col-md-6 col-sm-6 col-xs-12\"> <div class=\"price_plan_box style_two  tag_enables \">  <div class=\"tag\">\u00c0 partir de<\/div>  <div class=\"inner_box\"> <div class=\"top\">  <h2>COMPTABILIT\u00c9 IND\u00c9PENDANTS<\/h2>   <p>En savoir plus<\/p>  <\/div> <div class=\"mid\">  <h4>99\u20ac HTVA\/mois<\/h4>  <\/div> <div class=\"bottom\">  <ul>    <li> <span> Conseiller expert-comptable et fiscal d\u00e9di\u00e9<\/span> <i class=\"fa fa-check\"><\/i> <\/li>  <li> <span> Logiciel FID-Manager<\/span> <i class=\"fa fa-check\"><\/i> <\/li>  <li> <span> Encodage comptable<\/span> <i class=\"fa fa-check\"><\/i> <\/li>  <li> <span> D\u00e9clarations TVA<\/span> <i class=\"fa fa-check\"><\/i> <\/li>  <li> <span> \u00c9tablissement du compte d\u2019exploitation<\/span> <i class=\"fa fa-check\"><\/i> <\/li>  <li> <span> D\u00e9claration Imp\u00f4t sur le revenu (IPP)<\/span> <i class=\"fa fa-check\"><\/i> <\/li>  <li> <span> Conseil fiscal<\/span> <i class=\"fa fa-check\"><\/i> <\/li>    <\/ul>    <a href=\"https:\/\/dw-demos.in.net\/aece\/contact\/\"  target=&quot;_blank&quot;  rel=&quot;nofollow&quot; class=\"theme-btn two\"> Read More <\/a>  <\/div> <\/div> <\/div> <\/div>  <div class=\"col-lg-4 col-md-6 col-sm-6 col-xs-12\"> <div class=\"price_plan_box style_two  tag_enables \">  <div class=\"tag\">\u00c0 partir de<\/div>  <div class=\"inner_box\"> <div class=\"top\">  <h2>CR\u00c9ATION D\u2019ENTREPRISE<\/h2>   <p>En savoir plus<\/p>  <\/div> <div class=\"mid\">  <h4>699\u20ac HTVA\/mois<\/h4>  <\/div> <div class=\"bottom\">  <ul>    <li> <span> Entretien pr\u00e9alable<\/span> <i class=\"fa fa-check\"><\/i> <\/li>  <li> <span> Conseil au choix des statuts et de l\u2019objet social<\/span> <i class=\"fa fa-check\"><\/i> <\/li>  <li> <span> Cr\u00e9ation du plan financier sur 3 ans<\/span> <i class=\"fa fa-check\"><\/i> <\/li>  <li> <span> Affiliation \u00e0 la BCE, TVA et en tant qu\u2019ind\u00e9pendant<\/span> <i class=\"fa fa-check\"><\/i> <\/li>  <li> <span> Formulaires<\/span> <i class=\"fa fa-check\"><\/i> <\/li>  <li> <span> R\u00e9ception des statuts<\/span> <i class=\"fa fa-check\"><\/i> <\/li>    <\/ul>    <a href=\"https:\/\/dw-demos.in.net\/aece\/contact\/\"  target=&quot;_blank&quot;  rel=&quot;nofollow&quot; class=\"theme-btn two\"> Read More <\/a>  <\/div> <\/div> <\/div> <\/div>    <\/div> <\/div> <div class=\"tab-pane fade\" id=\"profile\" role=\"tabpanel\" aria-labelledby=\"profile-tab\"> <div class=\"row\">    <div class=\"col-lg-4 col-md-6 col-sm-6 col-xs-12\"> <div class=\"price_plan_box style_two  tag_enables \">  <div class=\"tag\">Popular<\/div>  <div class=\"inner_box\"> <div class=\"top\">  <h2>Bronze Package<\/h2>   <p>Pricing plan for startup company<\/p>  <\/div> <div class=\"mid\">  <h4>149<\/h4>  <\/div> <div class=\"bottom\">  <ul>    <li> <span> Collaboration with up to 10 users<\/span> <i class=\"fa fa-check\"><\/i> <\/li>      <li> <span> Collaboration with up to 10 users<\/span> <i class=\"fa fa-times\"><\/i> <\/li>   <\/ul>    <a href=\"#\"  target=&quot;_blank&quot;  rel=&quot;nofollow&quot; class=\"theme-btn two\"> Read More <\/a>  <\/div> <\/div> <\/div> <\/div>   <\/div> <\/div> <\/div><\/section>\r\n\t\t\t\t<\/div>\n\t\t\t\t<\/div>\n\t\t\t\t\t<\/div>\n\t\t<\/div>\n\t\t\t\t\t<\/div>\n\t\t<\/section>\n\t\t<div class=\"elementor-element elementor-element-6feaeb9 e-flex e-con-boxed e-con e-parent\" data-id=\"6feaeb9\" data-element_type=\"container\">\n\t\t\t\t\t<div class=\"e-con-inner\">\n\t\t\t\t<div class=\"elementor-element elementor-element-a60db0a elementor-widget elementor-widget-heading\" data-id=\"a60db0a\" data-element_type=\"widget\" data-widget_type=\"heading.default\">\n\t\t\t\t<div class=\"elementor-widget-container\">\n\t\t\t\t\t<h2 class=\"elementor-heading-title elementor-size-default\">Composition des honoraires<\/h2>\t\t\t\t<\/div>\n\t\t\t\t<\/div>\n\t\t\t\t<div class=\"elementor-element elementor-element-74d3873 elementor-widget elementor-widget-text-editor\" data-id=\"74d3873\" data-element_type=\"widget\" data-widget_type=\"text-editor.default\">\n\t\t\t\t<div class=\"elementor-widget-container\">\n\t\t\t\t\t\t\t\t\t<p>Une base forfaitaire : Quelle que soit la forme de votre entreprise, votre expert-comptable assure la gestion de votre comptabilit\u00e9, y compris l\u2019enregistrement des op\u00e9rations et la tenue des comptes, ainsi que la pr\u00e9paration des d\u00e9clarations de TVA (trimestrielles) et d\u2019imp\u00f4t (des soci\u00e9t\u00e9s et\/ou des personnes physiques). D\u2019autres services pourront s\u2019av\u00e9rer n\u00e9cessaires pour assurer la gestion optimale de votre dossier, et leur co\u00fbt sera \u00e9valu\u00e9 lors de notre premier entretien. Le forfait sera ensuite ajust\u00e9 en cons\u00e9quence, et toute prestation hors forfait fera l\u2019objet d\u2019une mention explicite dans la lettre de mission et sera factur\u00e9e s\u00e9par\u00e9ment.<\/p>\t\t\t\t\t\t\t\t<\/div>\n\t\t\t\t<\/div>\n\t\t\t\t<div class=\"elementor-element elementor-element-9ff6bf3 elementor-widget elementor-widget-heading\" data-id=\"9ff6bf3\" data-element_type=\"widget\" data-widget_type=\"heading.default\">\n\t\t\t\t<div class=\"elementor-widget-container\">\n\t\t\t\t\t<h2 class=\"elementor-heading-title elementor-size-default\">Au lancement de votre activit\u00e9\u2026<\/h2>\t\t\t\t<\/div>\n\t\t\t\t<\/div>\n\t\t\t\t<div class=\"elementor-element elementor-element-486374d elementor-widget elementor-widget-text-editor\" data-id=\"486374d\" data-element_type=\"widget\" data-widget_type=\"text-editor.default\">\n\t\t\t\t<div class=\"elementor-widget-container\">\n\t\t\t\t\t\t\t\t\t<p>AECE Accountancy adapte ses interventions pour r\u00e9pondre \u00e0 vos besoins. C\u2019est pourquoi nous vous assistons lors de la cr\u00e9ation et de la r\u00e9daction de votre plan financier. Contactez notre cabinet d\u2019expertise comptable et de conseil fiscal pour obtenir des informations d\u00e9taill\u00e9es sur notre offre et recevoir un devis gratuit, personnalis\u00e9, et adapt\u00e9 \u00e0 vos besoins et \u00e0 votre budget!<\/p>\t\t\t\t\t\t\t\t<\/div>\n\t\t\t\t<\/div>\n\t\t\t\t\t<\/div>\n\t\t\t\t<\/div>\n\t\t\t\t<\/div>\n\t\t","protected":false},"excerpt":{"rendered":"<p>Les honoraires de votre bureau comptable et fiscal \u00e0 Bruxelles Afin de vous proposer des prestations adapt\u00e9es, notre cabinet d\u2019expertise comptable et de conseil fiscal s\u2019engage \u00e0 d\u00e9terminer ses honoraires sur la base d\u2019un forfait mensuel. Le montant de ces honoraires d\u00e9pendra de la nature et de l\u2019ampleur des t\u00e2ches qui nous seront confi\u00e9es. Vous [&hellip;]<\/p>\n","protected":false},"author":1,"featured_media":0,"parent":0,"menu_order":0,"comment_status":"closed","ping_status":"closed","template":"template-fullwidth.php","meta":{"content-type":"","footnotes":""},"class_list":["post-7102","page","type-page","status-publish","hentry"],"_links":{"self":[{"href":"https:\/\/dwdemos-creative.biz\/aece\/wp-json\/wp\/v2\/pages\/7102","targetHints":{"allow":["GET"]}}],"collection":[{"href":"https:\/\/dwdemos-creative.biz\/aece\/wp-json\/wp\/v2\/pages"}],"about":[{"href":"https:\/\/dwdemos-creative.biz\/aece\/wp-json\/wp\/v2\/types\/page"}],"author":[{"embeddable":true,"href":"https:\/\/dwdemos-creative.biz\/aece\/wp-json\/wp\/v2\/users\/1"}],"replies":[{"embeddable":true,"href":"https:\/\/dwdemos-creative.biz\/aece\/wp-json\/wp\/v2\/comments?post=7102"}],"version-history":[{"count":28,"href":"https:\/\/dwdemos-creative.biz\/aece\/wp-json\/wp\/v2\/pages\/7102\/revisions"}],"predecessor-version":[{"id":7529,"href":"https:\/\/dwdemos-creative.biz\/aece\/wp-json\/wp\/v2\/pages\/7102\/revisions\/7529"}],"wp:attachment":[{"href":"https:\/\/dwdemos-creative.biz\/aece\/wp-json\/wp\/v2\/media?parent=7102"}],"curies":[{"name":"wp","href":"https:\/\/api.w.org\/{rel}","templated":true}]}}