{"id":7070,"date":"2025-04-19T06:55:57","date_gmt":"2025-04-19T06:55:57","guid":{"rendered":"https:\/\/dw-demos.in.net\/aece\/?page_id=7070"},"modified":"2025-04-22T11:20:28","modified_gmt":"2025-04-22T11:20:28","slug":"accompagnement-des-entreprises","status":"publish","type":"page","link":"https:\/\/dwdemos-creative.biz\/aece\/accompagnement-des-entreprises\/","title":{"rendered":"Accompagnement des entreprises"},"content":{"rendered":"\t\t<div data-elementor-type=\"wp-page\" data-elementor-id=\"7070\" class=\"elementor elementor-7070\">\n\t\t\t\t\t\t<section class=\"elementor-section elementor-top-section elementor-element elementor-element-0a7202d elementor-section-boxed elementor-section-height-default elementor-section-height-default\" data-id=\"0a7202d\" data-element_type=\"section\">\n\t\t\t\t\t\t<div class=\"elementor-container elementor-column-gap-default\">\n\t\t\t\t\t<div class=\"elementor-column elementor-col-50 elementor-top-column elementor-element elementor-element-55138ff\" data-id=\"55138ff\" data-element_type=\"column\">\n\t\t\t<div class=\"elementor-widget-wrap elementor-element-populated\">\n\t\t\t\t\t\t<div class=\"elementor-element elementor-element-5d44b56 elementor-widget elementor-widget-creote-title-v1\" data-id=\"5d44b56\" data-element_type=\"widget\" data-widget_type=\"creote-title-v1.default\">\n\t\t\t\t<div class=\"elementor-widget-container\">\n\t\t\t\t\t<div class=\"title_all_box style_one dark_color\">\r\n            <!-- Default title style -->\r\n        <div class=\"title_sections left\">\r\n                                        <div class=\"title\">\r\n                    Accompagnement des entreprises : cr\u00e9ation, cession et liquidation                <\/div>\r\n                                <\/div>\r\n        <!-- End of default title style -->\r\n\r\n    <\/div>\r\n\t\t\t\t<\/div>\n\t\t\t\t<\/div>\n\t\t\t\t<div class=\"elementor-element elementor-element-d1c92db elementor-widget elementor-widget-creote-description-v1\" data-id=\"d1c92db\" data-element_type=\"widget\" data-widget_type=\"creote-description-v1.default\">\n\t\t\t\t<div class=\"elementor-widget-container\">\n\t\t\t\t\t<div class=\"description_box\" >  <p>Qu\u2019il soit question de proc\u00e9der au lancement, \u00e0 la cession ou \u00e0 liquidation de votre entreprise,\nn\u2019h\u00e9sitez pas \u00e0 requ\u00e9rir \u00e0 nos conseils. C\u2019est avec savoir-faire que l\u2019on m\u00e8nera vos d\u00e9cisions \u00e0 leur juste d\u00e9nouement.<\/p> <\/div>\r\n\t\t\t\t<\/div>\n\t\t\t\t<\/div>\n\t\t\t\t<div class=\"elementor-element elementor-element-a550d02 elementor-widget elementor-widget-text-editor\" data-id=\"a550d02\" data-element_type=\"widget\" data-widget_type=\"text-editor.default\">\n\t\t\t\t<div class=\"elementor-widget-container\">\n\t\t\t\t\t\t\t\t\t<h4>Cr\u00e9ation<\/h4><p>A ce stade, vous fourmillez d\u2019id\u00e9es quant \u00e0 la mani\u00e8re de donner vie \u00e0 votre projet. Afin de lui offrir toutes les chances d\u2019aboutir, votre expert comptable et conseil fiscal vous d\u00e9livre ses meilleures recommandations et vous assiste dans vos d\u00e9marches.<\/p>\t\t\t\t\t\t\t\t<\/div>\n\t\t\t\t<\/div>\n\t\t\t\t<div class=\"elementor-element elementor-element-e38a61c elementor-widget elementor-widget-text-editor\" data-id=\"e38a61c\" data-element_type=\"widget\" data-widget_type=\"text-editor.default\">\n\t\t\t\t<div class=\"elementor-widget-container\">\n\t\t\t\t\t\t\t\t\t<h4>Cession et acquisition<\/h4><p>Acheteur ou vendeur, faites confiance \u00e0 votre bureau comptable et fiscal \u00e0 Bruxelles pour \u00e9valuer avec exactitude la valeur de l\u2019affaire faisant l\u2019objet de la transaction. S\u2019appuyant sur de multiples comp\u00e9tences, il vous offrira un chiffrage en ad\u00e9quation avec la r\u00e9alit\u00e9 du terrain.<\/p>\t\t\t\t\t\t\t\t<\/div>\n\t\t\t\t<\/div>\n\t\t\t\t\t<\/div>\n\t\t<\/div>\n\t\t\t\t<div class=\"elementor-column elementor-col-50 elementor-top-column elementor-element elementor-element-bfd1edc\" data-id=\"bfd1edc\" data-element_type=\"column\">\n\t\t\t<div class=\"elementor-widget-wrap elementor-element-populated\">\n\t\t\t\t\t\t<div class=\"elementor-element elementor-element-a9fb537 elementor-widget elementor-widget-creote-image-box-v1\" data-id=\"a9fb537\" data-element_type=\"widget\" data-widget_type=\"creote-image-box-v1.default\">\n\t\t\t\t<div class=\"elementor-widget-container\">\n\t\t\t\t\t<div class=\"image_boxes style_four\" >  <div class=\"image_box one\"> <img decoding=\"async\" src=\"https:\/\/dw-demos.in.net\/aece\/wp-content\/uploads\/2025\/04\/08-1.jpg\" class=\"img-fluid\" alt=\"image\"> <\/div>  <div class=\"image_box\"> <div class=\"row\">  <div class=\"col-lg-6 col-md-6 pad_zero_left\"> <div class=\"imgs\"> <img decoding=\"async\" src=\"https:\/\/dw-demos.in.net\/aece\/wp-content\/uploads\/2025\/04\/06-1024x683-1.jpg\" class=\"img-fluid one_img\" alt=\"image\"> <\/div> <\/div>   <div class=\"col-lg-6 col-md-6 pad_zero_right\"> <div class=\"imgs\"> <img decoding=\"async\" src=\"https:\/\/dw-demos.in.net\/aece\/wp-content\/uploads\/2025\/04\/03-1.jpg\" class=\"img-fluid one_img\" alt=\"image\"> <\/div> <\/div>  <\/div> <\/div> <\/div> \r\n\t\t\t\t<\/div>\n\t\t\t\t<\/div>\n\t\t\t\t\t<\/div>\n\t\t<\/div>\n\t\t\t\t\t<\/div>\n\t\t<\/section>\n\t\t\t\t<section class=\"elementor-section elementor-top-section elementor-element elementor-element-562b721 elementor-section-boxed elementor-section-height-default elementor-section-height-default\" data-id=\"562b721\" data-element_type=\"section\" data-settings=\"{&quot;background_background&quot;:&quot;classic&quot;}\">\n\t\t\t\t\t\t<div class=\"elementor-container elementor-column-gap-default\">\n\t\t\t\t\t<div class=\"elementor-column elementor-col-50 elementor-top-column elementor-element elementor-element-543441e\" data-id=\"543441e\" data-element_type=\"column\">\n\t\t\t<div class=\"elementor-widget-wrap elementor-element-populated\">\n\t\t\t\t\t\t<div class=\"elementor-element elementor-element-124329f elementor-widget elementor-widget-creote-simple-image-box-v1\" data-id=\"124329f\" data-element_type=\"widget\" data-widget_type=\"creote-simple-image-box-v1.default\">\n\t\t\t\t<div class=\"elementor-widget-container\">\n\t\t\t\t\t<div class=\"simple_image_boxes  parallax_cover\"   data-aos=\"fade-up\" data-aos-delay=\"0\"  data-aos-offset=\"0\" >\r\n   <img decoding=\"async\" src=\"https:\/\/dw-demos.in.net\/aece\/wp-content\/uploads\/2025\/04\/012-1-1024x682-1.jpg\" class=\"simp_img cover-parallax\" alt=\"\" \/>\r\n<\/div>\r\n\t\t\t\t<\/div>\n\t\t\t\t<\/div>\n\t\t\t\t\t<\/div>\n\t\t<\/div>\n\t\t\t\t<div class=\"elementor-column elementor-col-50 elementor-top-column elementor-element elementor-element-4481ad5\" data-id=\"4481ad5\" data-element_type=\"column\">\n\t\t\t<div class=\"elementor-widget-wrap elementor-element-populated\">\n\t\t\t\t\t\t<div class=\"elementor-element elementor-element-4cf0aaf elementor-widget elementor-widget-text-editor\" data-id=\"4cf0aaf\" data-element_type=\"widget\" data-widget_type=\"text-editor.default\">\n\t\t\t\t<div class=\"elementor-widget-container\">\n\t\t\t\t\t\t\t\t\t<h3>Liquidation<\/h3><p>Que ce soit \u00e0 la suite d\u2019une d\u00e9cision ou d\u2019une faillite, vous voil\u00e0 sur le point de mettre un terme aux activit\u00e9s de votre structure. A cette occasion, AECE ACcountancy vous apporte son expertise en vue de vous seconder dans l\u2019accomplissement des formalit\u00e9s<\/p><h3 class=\"wp-block-heading has-medium-font-size\">Un encadrement adapt\u00e9 \u00e0 vos besoins<\/h3><p><span style=\"font-size: 16px;\">Sachez que le bureau se veut aussi pr\u00e9sent \u00e0 tout instant en vue de parer \u00e0 l\u2019ensemble de vos demandes : tenue comptable, gestion administrative et analytique, conseils fiscaux, etc. En ces circonstances, n\u2019h\u00e9sitez pas \u00e0 prendre contact d\u00e8s lors que vous en ressentez la n\u00e9cessit\u00e9.<\/span><\/p>\t\t\t\t\t\t\t\t<\/div>\n\t\t\t\t<\/div>\n\t\t\t\t\t<\/div>\n\t\t<\/div>\n\t\t\t\t\t<\/div>\n\t\t<\/section>\n\t\t\t\t<\/div>\n\t\t","protected":false},"excerpt":{"rendered":"<p>Accompagnement des entreprises : cr\u00e9ation, cession et liquidation Qu\u2019il soit question de proc\u00e9der au lancement, \u00e0 la cession ou \u00e0 liquidation de votre entreprise, n\u2019h\u00e9sitez pas \u00e0 requ\u00e9rir \u00e0 nos conseils. C\u2019est avec savoir-faire que l\u2019on m\u00e8nera vos d\u00e9cisions \u00e0 leur juste d\u00e9nouement. Cr\u00e9ation A ce stade, vous fourmillez d\u2019id\u00e9es quant \u00e0 la mani\u00e8re de [&hellip;]<\/p>\n","protected":false},"author":1,"featured_media":0,"parent":0,"menu_order":0,"comment_status":"closed","ping_status":"closed","template":"template-fullwidth.php","meta":{"content-type":"","footnotes":""},"class_list":["post-7070","page","type-page","status-publish","hentry"],"_links":{"self":[{"href":"https:\/\/dwdemos-creative.biz\/aece\/wp-json\/wp\/v2\/pages\/7070","targetHints":{"allow":["GET"]}}],"collection":[{"href":"https:\/\/dwdemos-creative.biz\/aece\/wp-json\/wp\/v2\/pages"}],"about":[{"href":"https:\/\/dwdemos-creative.biz\/aece\/wp-json\/wp\/v2\/types\/page"}],"author":[{"embeddable":true,"href":"https:\/\/dwdemos-creative.biz\/aece\/wp-json\/wp\/v2\/users\/1"}],"replies":[{"embeddable":true,"href":"https:\/\/dwdemos-creative.biz\/aece\/wp-json\/wp\/v2\/comments?post=7070"}],"version-history":[{"count":40,"href":"https:\/\/dwdemos-creative.biz\/aece\/wp-json\/wp\/v2\/pages\/7070\/revisions"}],"predecessor-version":[{"id":7550,"href":"https:\/\/dwdemos-creative.biz\/aece\/wp-json\/wp\/v2\/pages\/7070\/revisions\/7550"}],"wp:attachment":[{"href":"https:\/\/dwdemos-creative.biz\/aece\/wp-json\/wp\/v2\/media?parent=7070"}],"curies":[{"name":"wp","href":"https:\/\/api.w.org\/{rel}","templated":true}]}}