{"id":7059,"date":"2025-04-19T06:16:22","date_gmt":"2025-04-19T06:16:22","guid":{"rendered":"https:\/\/dw-demos.in.net\/aece\/?page_id=7059"},"modified":"2025-04-22T11:16:47","modified_gmt":"2025-04-22T11:16:47","slug":"accompagnement-expert-pour-la-creation-de-societe","status":"publish","type":"page","link":"https:\/\/dwdemos-creative.biz\/aece\/accompagnement-expert-pour-la-creation-de-societe\/","title":{"rendered":"Cr\u00e9ation de soci\u00e9t\u00e9"},"content":{"rendered":"\t\t<div data-elementor-type=\"wp-page\" data-elementor-id=\"7059\" class=\"elementor elementor-7059\">\n\t\t\t\t\t\t<section class=\"elementor-section elementor-top-section elementor-element elementor-element-0a7202d elementor-section-boxed elementor-section-height-default elementor-section-height-default\" data-id=\"0a7202d\" data-element_type=\"section\">\n\t\t\t\t\t\t<div class=\"elementor-container elementor-column-gap-default\">\n\t\t\t\t\t<div class=\"elementor-column elementor-col-50 elementor-top-column elementor-element elementor-element-55138ff\" data-id=\"55138ff\" data-element_type=\"column\">\n\t\t\t<div class=\"elementor-widget-wrap elementor-element-populated\">\n\t\t\t\t\t\t<div class=\"elementor-element elementor-element-5d44b56 elementor-widget elementor-widget-creote-title-v1\" data-id=\"5d44b56\" data-element_type=\"widget\" data-widget_type=\"creote-title-v1.default\">\n\t\t\t\t<div class=\"elementor-widget-container\">\n\t\t\t\t\t<div class=\"title_all_box style_one dark_color\">\r\n            <!-- Default title style -->\r\n        <div class=\"title_sections left\">\r\n                                        <div class=\"title\">\r\n                    Cr\u00e9ation de soci\u00e9t\u00e9                <\/div>\r\n                                <\/div>\r\n        <!-- End of default title style -->\r\n\r\n    <\/div>\r\n\t\t\t\t<\/div>\n\t\t\t\t<\/div>\n\t\t\t\t<div class=\"elementor-element elementor-element-d1c92db elementor-widget elementor-widget-creote-description-v1\" data-id=\"d1c92db\" data-element_type=\"widget\" data-widget_type=\"creote-description-v1.default\">\n\t\t\t\t<div class=\"elementor-widget-container\">\n\t\t\t\t\t<div class=\"description_box\" >  <p>Bienvenue chez AECE Accountancy, votre bureau comptable et fiscal de confiance, dirig\u00e9 par un v\u00e9ritable expert en fiscalit\u00e9. Nous sommes l\u00e0 pour vous guider de A \u00e0 Z dans la cr\u00e9ation de votre soci\u00e9t\u00e9, en veillant \u00e0 ce que le processus soit transparent, personnalis\u00e9 et \u00e0 un prix tr\u00e8s comp\u00e9titif.<\/p> <\/div>\r\n\t\t\t\t<\/div>\n\t\t\t\t<\/div>\n\t\t\t\t<div class=\"elementor-element elementor-element-a550d02 elementor-widget elementor-widget-text-editor\" data-id=\"a550d02\" data-element_type=\"widget\" data-widget_type=\"text-editor.default\">\n\t\t\t\t<div class=\"elementor-widget-container\">\n\t\t\t\t\t\t\t\t\t<h4>Pourquoi choisir AECE Accountancy pour la cr\u00e9ation de votre soci\u00e9t\u00e9 ?<\/h4><p class=\"wp-block-heading has-medium-font-size\">Accompagnement int\u00e9gral par des experts comptables et fiscalistes.<\/p><p>Nous ne sommes pas simplement des consultants en cr\u00e9ation de soci\u00e9t\u00e9, mais des experts comptables et fiscalistes d\u00e9di\u00e9s \u00e0 votre r\u00e9ussite. Nous prenons en charge l\u2019int\u00e9gralit\u00e9 du processus, depuis l\u2019\u00e9tablissement du plan financier jusqu\u2019\u00e0 l\u2019affiliation \u00e0 la TVA, BCE, et aux secr\u00e9tariats sociaux.<\/p>\t\t\t\t\t\t\t\t<\/div>\n\t\t\t\t<\/div>\n\t\t\t\t\t<\/div>\n\t\t<\/div>\n\t\t\t\t<div class=\"elementor-column elementor-col-50 elementor-top-column elementor-element elementor-element-bfd1edc\" data-id=\"bfd1edc\" data-element_type=\"column\">\n\t\t\t<div class=\"elementor-widget-wrap elementor-element-populated\">\n\t\t\t\t\t\t<div class=\"elementor-element elementor-element-a9fb537 elementor-widget elementor-widget-creote-image-box-v1\" data-id=\"a9fb537\" data-element_type=\"widget\" data-widget_type=\"creote-image-box-v1.default\">\n\t\t\t\t<div class=\"elementor-widget-container\">\n\t\t\t\t\t<div class=\"image_boxes style_two\" >  <img decoding=\"async\" src=\"https:\/\/dwdemos-creative.biz\/aece\/wp-content\/plugins\/creote-addons\/\/assets\/images\/shape-1.png\" class=\"background_image\" alt=\"image\" \/>   <div class=\"image one\"> <img decoding=\"async\" src=\"https:\/\/themepanthers.com\/wp\/creote\/v-new\/wp-content\/uploads\/2021\/10\/about-us-1-min.png\" class=\"img-fluid\" alt=\"image\" \/> <\/div>   <div class=\"image two\"> <img decoding=\"async\" src=\"https:\/\/themepanthers.com\/wp\/creote\/v-new\/wp-content\/uploads\/2021\/10\/about-us-2-min.png\" class=\"img\" alt=\"image\" \/>  <\/div>  <\/div> \r\n\t\t\t\t<\/div>\n\t\t\t\t<\/div>\n\t\t\t\t\t<\/div>\n\t\t<\/div>\n\t\t\t\t\t<\/div>\n\t\t<\/section>\n\t\t\t\t<section class=\"elementor-section elementor-top-section elementor-element elementor-element-562b721 elementor-section-boxed elementor-section-height-default elementor-section-height-default\" data-id=\"562b721\" data-element_type=\"section\" data-settings=\"{&quot;background_background&quot;:&quot;classic&quot;}\">\n\t\t\t\t\t\t<div class=\"elementor-container elementor-column-gap-default\">\n\t\t\t\t\t<div class=\"elementor-column elementor-col-50 elementor-top-column elementor-element elementor-element-4481ad5\" data-id=\"4481ad5\" data-element_type=\"column\">\n\t\t\t<div class=\"elementor-widget-wrap elementor-element-populated\">\n\t\t\t\t\t\t<div class=\"elementor-element elementor-element-4cf0aaf elementor-widget elementor-widget-text-editor\" data-id=\"4cf0aaf\" data-element_type=\"widget\" data-widget_type=\"text-editor.default\">\n\t\t\t\t<div class=\"elementor-widget-container\">\n\t\t\t\t\t\t\t\t\t<h3 class=\"wp-block-heading has-medium-font-size\">Plan financier sur mesure<\/h3><p>Chaque entreprise est unique, c\u2019est pourquoi nous collaborons \u00e9troitement avec vous pour cr\u00e9er un plan financier sur mesure, align\u00e9 sur vos objectifs et votre vision. Notre engagement est de vous aider \u00e0 \u00e9tablir des bases solides pour la croissance future de votre entreprise.<\/p><h3 class=\"wp-block-heading has-medium-font-size\">Pr\u00e9paration des statuts de la soci\u00e9t\u00e9<\/h3><p>Les statuts d\u2019une entreprise sont cruciaux. Notre \u00e9quipe d\u2019experts veille \u00e0 la pr\u00e9paration de statuts solides, adapt\u00e9s \u00e0 la nature de votre activit\u00e9 et conformes \u00e0 la r\u00e9glementation en vigueur.<\/p><h3 class=\"wp-block-heading has-medium-font-size\">Suivi rigoureux du processus notarial<\/h3><p>Nous g\u00e9rons toutes les \u00e9tapes du processus notarial avec rigueur, garantissant que toutes les formalit\u00e9s l\u00e9gales sont remplies correctement et en temps voulu. Vous pouvez vous concentrer sur le d\u00e9veloppement de votre entreprise en toute confiance.<\/p>\t\t\t\t\t\t\t\t<\/div>\n\t\t\t\t<\/div>\n\t\t\t\t\t<\/div>\n\t\t<\/div>\n\t\t\t\t<div class=\"elementor-column elementor-col-50 elementor-top-column elementor-element elementor-element-543441e\" data-id=\"543441e\" data-element_type=\"column\">\n\t\t\t<div class=\"elementor-widget-wrap elementor-element-populated\">\n\t\t\t\t\t\t<div class=\"elementor-element elementor-element-124329f elementor-widget elementor-widget-creote-simple-image-box-v1\" data-id=\"124329f\" data-element_type=\"widget\" data-widget_type=\"creote-simple-image-box-v1.default\">\n\t\t\t\t<div class=\"elementor-widget-container\">\n\t\t\t\t\t<div class=\"simple_image_boxes  parallax_cover\"   data-aos=\"fade-up\" data-aos-delay=\"0\"  data-aos-offset=\"0\" >\r\n   <img decoding=\"async\" src=\"https:\/\/dw-demos.in.net\/aece\/wp-content\/uploads\/2025\/04\/home-4-about-1.jpg\" class=\"simp_img cover-parallax\" alt=\"\" \/>\r\n<\/div>\r\n\t\t\t\t<\/div>\n\t\t\t\t<\/div>\n\t\t\t\t\t<\/div>\n\t\t<\/div>\n\t\t\t\t\t<\/div>\n\t\t<\/section>\n\t\t<div class=\"elementor-element elementor-element-3a91781 e-flex e-con-boxed e-con e-parent\" data-id=\"3a91781\" data-element_type=\"container\">\n\t\t\t\t\t<div class=\"e-con-inner\">\n\t\t\t\t<div class=\"elementor-element elementor-element-dc73172 elementor-widget elementor-widget-text-editor\" data-id=\"dc73172\" data-element_type=\"widget\" data-widget_type=\"text-editor.default\">\n\t\t\t\t<div class=\"elementor-widget-container\">\n\t\t\t\t\t\t\t\t\t<h3>Tarification transparente avec frais du notaire inclus<\/h3><p>Notre tarification tout compris, \u00e0 partir de 1499 \u20ac HTVA, englobe non seulement nos services, mais aussi les frais du notaire (g\u00e9n\u00e9ralement entre 1000 \u20ac et 1200 \u20ac). Pas de surprises, juste un prix clair et comp\u00e9titif.<\/p><h3>Commencez votre aventure entrepreneuriale aujourd\u2019hui<\/h3><p>partenaire expert en comptabilit\u00e9 et fiscalit\u00e9, vous avez l\u2019assurance d\u2019une assistance de qualit\u00e9 \u00e0 chaque \u00e9tape. Contactez-nous d\u00e8s maintenant pour discuter de votre projet et d\u00e9couvrir comment nous pouvons faire de votre r\u00eave entrepreneurial une r\u00e9alit\u00e9, de mani\u00e8re efficace et abordable.<\/p>\t\t\t\t\t\t\t\t<\/div>\n\t\t\t\t<\/div>\n\t\t\t\t\t<\/div>\n\t\t\t\t<\/div>\n\t\t\t\t<\/div>\n\t\t","protected":false},"excerpt":{"rendered":"<p>Cr\u00e9ation de soci\u00e9t\u00e9 Bienvenue chez AECE Accountancy, votre bureau comptable et fiscal de confiance, dirig\u00e9 par un v\u00e9ritable expert en fiscalit\u00e9. Nous sommes l\u00e0 pour vous guider de A \u00e0 Z dans la cr\u00e9ation de votre soci\u00e9t\u00e9, en veillant \u00e0 ce que le processus soit transparent, personnalis\u00e9 et \u00e0 un prix tr\u00e8s comp\u00e9titif. Pourquoi choisir [&hellip;]<\/p>\n","protected":false},"author":1,"featured_media":0,"parent":0,"menu_order":0,"comment_status":"closed","ping_status":"closed","template":"template-fullwidth.php","meta":{"content-type":"","footnotes":""},"class_list":["post-7059","page","type-page","status-publish","hentry"],"_links":{"self":[{"href":"https:\/\/dwdemos-creative.biz\/aece\/wp-json\/wp\/v2\/pages\/7059","targetHints":{"allow":["GET"]}}],"collection":[{"href":"https:\/\/dwdemos-creative.biz\/aece\/wp-json\/wp\/v2\/pages"}],"about":[{"href":"https:\/\/dwdemos-creative.biz\/aece\/wp-json\/wp\/v2\/types\/page"}],"author":[{"embeddable":true,"href":"https:\/\/dwdemos-creative.biz\/aece\/wp-json\/wp\/v2\/users\/1"}],"replies":[{"embeddable":true,"href":"https:\/\/dwdemos-creative.biz\/aece\/wp-json\/wp\/v2\/comments?post=7059"}],"version-history":[{"count":19,"href":"https:\/\/dwdemos-creative.biz\/aece\/wp-json\/wp\/v2\/pages\/7059\/revisions"}],"predecessor-version":[{"id":7538,"href":"https:\/\/dwdemos-creative.biz\/aece\/wp-json\/wp\/v2\/pages\/7059\/revisions\/7538"}],"wp:attachment":[{"href":"https:\/\/dwdemos-creative.biz\/aece\/wp-json\/wp\/v2\/media?parent=7059"}],"curies":[{"name":"wp","href":"https:\/\/api.w.org\/{rel}","templated":true}]}}